{"id":2189,"date":"2024-02-26T20:09:28","date_gmt":"2024-02-26T19:09:28","guid":{"rendered":"https:\/\/dosgradoscapital.com\/imagens\/"},"modified":"2025-09-24T17:27:19","modified_gmt":"2025-09-24T15:27:19","slug":"imagens","status":"publish","type":"page","link":"https:\/\/dosgradoscapital.com\/pt-pt\/imagens\/","title":{"rendered":"Imagens"},"content":{"rendered":"<p>[et_pb_section fb_built=&#8221;1&#8243; next_background_color=&#8221;#ffffff&#8221; admin_label=&#8221;Section&#8221; _builder_version=&#8221;4.24.3&#8243; _module_preset=&#8221;default&#8221; background_color=&#8221;RGBA(255,255,255,0)&#8221; background_image=&#8221;https:\/\/dosgradoscapital.com\/wp-content\/uploads\/2024\/03\/actualidad.webp&#8221; background_enable_video_mp4=&#8221;off&#8221; height=&#8221;600px&#8221; bottom_divider_style=&#8221;slant&#8221; bottom_divider_height=&#8221;50px&#8221; bottom_divider_flip=&#8221;horizontal&#8221; background_last_edited=&#8221;on|desktop&#8221; background_mask_transform_tablet=&#8221;invert|rotate_90_degree|flip_vertical&#8221; background_mask_blend_mode_tablet=&#8221;normal&#8221; da_disable_devices=&#8221;off|off|off&#8221; locked=&#8221;off&#8221; global_colors_info=&#8221;{}&#8221; da_is_popup=&#8221;off&#8221; da_exit_intent=&#8221;off&#8221; da_has_close=&#8221;on&#8221; da_alt_close=&#8221;off&#8221; da_dark_close=&#8221;off&#8221; da_not_modal=&#8221;on&#8221; da_is_singular=&#8221;off&#8221; da_with_loader=&#8221;off&#8221; da_has_shadow=&#8221;on&#8221;][et_pb_row _builder_version=&#8221;4.24.3&#8243; _module_preset=&#8221;default&#8221; custom_margin=&#8221;10vh||10vh||true|false&#8221; locked=&#8221;off&#8221; global_colors_info=&#8221;{}&#8221;][et_pb_column type=&#8221;4_4&#8243; _builder_version=&#8221;4.23.1&#8243; _module_preset=&#8221;default&#8221; global_colors_info=&#8221;{}&#8221;][et_pb_text _builder_version=&#8221;4.24.0&#8243; _module_preset=&#8221;default&#8221; header_font=&#8221;|100|||||||&#8221; header_text_color=&#8221;#067ABD&#8221; header_2_font=&#8221;Albert Sans|200|||||||&#8221; header_2_text_color=&#8221;#FFFFFF&#8221; header_2_font_size=&#8221;80px&#8221; header_3_text_color=&#8221;#067ABD&#8221; custom_margin_tablet=&#8221;60px||||false|false&#8221; custom_margin_phone=&#8221;60px||||false|false&#8221; custom_margin_last_edited=&#8221;on|tablet&#8221; custom_padding=&#8221;||||false|false&#8221; custom_padding_tablet=&#8221;||||false|false&#8221; custom_padding_phone=&#8221;||||false|false&#8221; custom_padding_last_edited=&#8221;on|tablet&#8221; animation_style=&#8221;slide&#8221; animation_direction=&#8221;left&#8221; animation_intensity_slide=&#8221;100%&#8221; header_2_font_size_tablet=&#8221;40px&#8221; header_2_font_size_phone=&#8221;30px&#8221; header_2_font_size_last_edited=&#8221;on|phone&#8221; header_2_text_shadow_style=&#8221;preset2&#8243; global_colors_info=&#8221;{}&#8221;]<\/p>\n<h2>Imagens<\/h2>\n<p>[\/et_pb_text][\/et_pb_column][\/et_pb_row][\/et_pb_section][et_pb_section fb_built=&#8221;1&#8243; _builder_version=&#8221;4.23.1&#8243; _module_preset=&#8221;default&#8221; da_disable_devices=&#8221;off|off|off&#8221; global_colors_info=&#8221;{}&#8221; da_is_popup=&#8221;off&#8221; da_exit_intent=&#8221;off&#8221; da_has_close=&#8221;on&#8221; da_alt_close=&#8221;off&#8221; da_dark_close=&#8221;off&#8221; da_not_modal=&#8221;on&#8221; da_is_singular=&#8221;off&#8221; da_with_loader=&#8221;off&#8221; da_has_shadow=&#8221;on&#8221;][et_pb_row column_structure=&#8221;1_3,1_3,1_3&#8243; _builder_version=&#8221;4.27.4&#8243; _module_preset=&#8221;default&#8221; custom_margin=&#8221;30px|auto|10px|auto|false|false&#8221; custom_padding=&#8221;||10px|||&#8221; locked=&#8221;off&#8221; global_colors_info=&#8221;{}&#8221;][et_pb_column type=&#8221;1_3&#8243; _builder_version=&#8221;4.23.4&#8243; _module_preset=&#8221;default&#8221; global_colors_info=&#8221;{}&#8221;][et_pb_text _builder_version=&#8221;4.27.4&#8243; _module_preset=&#8221;default&#8221; header_2_font=&#8221;|300|||||||&#8221; header_2_text_color=&#8221;#0063BD&#8221; header_2_font_size=&#8221;46px&#8221; header_3_text_color=&#8221;#067ABD&#8221; header_3_font_size=&#8221;30px&#8221; custom_margin=&#8221;||0px||false|false&#8221; custom_padding=&#8221;||0px||false|false&#8221; hover_enabled=&#8221;0&#8243; locked=&#8221;off&#8221; global_colors_info=&#8221;{}&#8221; z_index=&#8221;2&#8243; sticky_enabled=&#8221;0&#8243;]<\/p>\n<h3><span style=\"color: #6f8db7;\">Marca Dos Grados<\/span><\/h3>\n<p>[\/et_pb_text][et_pb_divider divider_weight=&#8221;4px&#8221; _builder_version=&#8221;4.27.4&#8243; _module_preset=&#8221;default&#8221; width=&#8221;30px&#8221; module_alignment=&#8221;left&#8221; custom_margin=&#8221;0px||||false|false&#8221; custom_padding=&#8221;0px||||false|false&#8221; animation_style=&#8221;slide&#8221; animation_direction=&#8221;bottom&#8221; animation_delay=&#8221;2000ms&#8221; animation_intensity_slide=&#8221;100%&#8221; hover_enabled=&#8221;0&#8243; locked=&#8221;off&#8221; global_colors_info=&#8221;{}&#8221; z_index=&#8221;2&#8243; sticky_enabled=&#8221;0&#8243;][\/et_pb_divider][et_pb_image src=&#8221;https:\/\/dosgradoscapital.com\/wp-content\/uploads\/dosgrados-rgb3.jpg&#8221; alt=&#8221;dos grados&#8221; title_text=&#8221;dosgrados-rgb3&#8243; _builder_version=&#8221;4.27.4&#8243; _module_preset=&#8221;default&#8221; width=&#8221;60%&#8221; custom_margin=&#8221;-55px||||false|false&#8221; hover_enabled=&#8221;0&#8243; global_colors_info=&#8221;{}&#8221; admin_label=&#8221;Imagen&#8221; width_last_edited=&#8221;on|phone&#8221; width_phone=&#8221;60%&#8221; sticky_enabled=&#8221;0&#8243; z_index=&#8221;1&#8243; width_tablet=&#8221;60%&#8221;][\/et_pb_image][\/et_pb_column][et_pb_column type=&#8221;1_3&#8243; _builder_version=&#8221;4.23.4&#8243; _module_preset=&#8221;default&#8221; global_colors_info=&#8221;{}&#8221;][et_pb_text _builder_version=&#8221;4.24.2&#8243; _module_preset=&#8221;default&#8221; header_2_font=&#8221;|300|||||||&#8221; header_2_text_color=&#8221;#0063BD&#8221; header_2_font_size=&#8221;46px&#8221; header_3_text_color=&#8221;#067ABD&#8221; header_3_font_size=&#8221;30px&#8221; custom_margin=&#8221;||0px||false|false&#8221; custom_padding=&#8221;||0px||false|false&#8221; locked=&#8221;off&#8221; global_colors_info=&#8221;{}&#8221;]<\/p>\n<h3><span style=\"color: #6f8db7;\">Dos Grados Fund\u00e3o<\/span><\/h3>\n<p>[\/et_pb_text][et_pb_divider divider_weight=&#8221;4px&#8221; _builder_version=&#8221;4.23.1&#8243; _module_preset=&#8221;default&#8221; width=&#8221;30px&#8221; module_alignment=&#8221;left&#8221; custom_margin=&#8221;0px||||false|false&#8221; custom_padding=&#8221;0px||||false|false&#8221; animation_style=&#8221;slide&#8221; animation_direction=&#8221;bottom&#8221; animation_delay=&#8221;2000ms&#8221; animation_intensity_slide=&#8221;100%&#8221; locked=&#8221;off&#8221; global_colors_info=&#8221;{}&#8221;][\/et_pb_divider][et_pb_image src=&#8221;https:\/\/dosgradoscapital.com\/wp-content\/uploads\/dosgrados-rgb-fundao.png&#8221; alt=&#8221;logo Dos Grados Fund\u00e3o&#8221; title_text=&#8221;dosgrados-rgb-fundao&#8221; _builder_version=&#8221;4.27.4&#8243; _module_preset=&#8221;default&#8221; width=&#8221;100%&#8221; max_width=&#8221;88%&#8221; custom_margin=&#8221;|-45px||||&#8221; global_colors_info=&#8221;{}&#8221;][\/et_pb_image][\/et_pb_column][et_pb_column type=&#8221;1_3&#8243; _builder_version=&#8221;4.23.4&#8243; _module_preset=&#8221;default&#8221; global_colors_info=&#8221;{}&#8221;][et_pb_text _builder_version=&#8221;4.27.4&#8243; _module_preset=&#8221;default&#8221; header_2_font=&#8221;|300|||||||&#8221; header_2_text_color=&#8221;#0063BD&#8221; header_2_font_size=&#8221;46px&#8221; header_3_text_color=&#8221;#067ABD&#8221; header_3_font_size=&#8221;30px&#8221; custom_margin=&#8221;||0px||false|false&#8221; custom_padding=&#8221;||0px||false|false&#8221; hover_enabled=&#8221;0&#8243; locked=&#8221;off&#8221; global_colors_info=&#8221;{}&#8221; custom_margin_last_edited=&#8221;on|phone&#8221; custom_margin_phone=&#8221;30px||||false|false&#8221; sticky_enabled=&#8221;0&#8243; custom_margin_tablet=&#8221;||0px||false|false&#8221;]<\/p>\n<h3><span style=\"color: #6f8db7;\">Dos Grados Tordesilhas<\/span><\/h3>\n<p>[\/et_pb_text][et_pb_divider divider_weight=&#8221;4px&#8221; _builder_version=&#8221;4.23.1&#8243; _module_preset=&#8221;default&#8221; width=&#8221;30px&#8221; module_alignment=&#8221;left&#8221; custom_margin=&#8221;0px||||false|false&#8221; custom_padding=&#8221;0px||||false|false&#8221; animation_style=&#8221;slide&#8221; animation_direction=&#8221;bottom&#8221; animation_delay=&#8221;2000ms&#8221; animation_intensity_slide=&#8221;100%&#8221; locked=&#8221;off&#8221; global_colors_info=&#8221;{}&#8221;][\/et_pb_divider][et_pb_image src=&#8221;https:\/\/dosgradoscapital.com\/wp-content\/uploads\/dosgrados-rgb-tordesillas.png&#8221; alt=&#8221;logo Dos Grados Fund\u00e3o&#8221; title_text=&#8221;dosgrados-rgb-tordesilhas&#8221; _builder_version=&#8221;4.27.4&#8243; _module_preset=&#8221;default&#8221; width=&#8221;100%&#8221; max_width=&#8221;88%&#8221; custom_margin=&#8221;|-45px||||&#8221; global_colors_info=&#8221;{}&#8221;][\/et_pb_image][\/et_pb_column][\/et_pb_row][et_pb_row _builder_version=&#8221;4.27.4&#8243; _module_preset=&#8221;default&#8221; custom_margin=&#8221;20px||0px||false|false&#8221; custom_padding=&#8221;||10px|||&#8221; hover_enabled=&#8221;0&#8243; locked=&#8221;off&#8221; global_colors_info=&#8221;{}&#8221; sticky_enabled=&#8221;0&#8243;][et_pb_column type=&#8221;4_4&#8243; _builder_version=&#8221;4.23.4&#8243; _module_preset=&#8221;default&#8221; global_colors_info=&#8221;{}&#8221;][et_pb_text _builder_version=&#8221;4.24.0&#8243; _module_preset=&#8221;default&#8221; header_2_font=&#8221;|300|||||||&#8221; header_2_text_color=&#8221;#0063BD&#8221; header_2_font_size=&#8221;46px&#8221; header_3_text_color=&#8221;#067ABD&#8221; header_3_font_size=&#8221;30px&#8221; custom_margin=&#8221;||0px||false|false&#8221; custom_padding=&#8221;||0px||false|false&#8221; locked=&#8221;off&#8221; global_colors_info=&#8221;{}&#8221;]<\/p>\n<h3><span style=\"color: #6f8db7;\">Fotografias de Fund\u00e3o<\/span><\/h3>\n<p>[\/et_pb_text][et_pb_divider divider_weight=&#8221;4px&#8221; _builder_version=&#8221;4.23.1&#8243; _module_preset=&#8221;default&#8221; width=&#8221;30px&#8221; module_alignment=&#8221;left&#8221; custom_margin=&#8221;0px||||false|false&#8221; custom_padding=&#8221;0px||||false|false&#8221; animation_style=&#8221;slide&#8221; animation_direction=&#8221;bottom&#8221; animation_delay=&#8221;2000ms&#8221; animation_intensity_slide=&#8221;100%&#8221; locked=&#8221;off&#8221; global_colors_info=&#8221;{}&#8221;][\/et_pb_divider][\/et_pb_column][\/et_pb_row][et_pb_row _builder_version=&#8221;4.27.4&#8243; _module_preset=&#8221;default&#8221; custom_margin=&#8221;0vh|auto|0vh|auto|true|false&#8221; hover_enabled=&#8221;0&#8243; global_colors_info=&#8221;{}&#8221; module_alignment=&#8221;center&#8221; sticky_enabled=&#8221;0&#8243; custom_margin_phone=&#8221;|15px||15px|false|true&#8221; width_last_edited=&#8221;on|phone&#8221; width_phone=&#8221;90%&#8221;][et_pb_column type=&#8221;4_4&#8243; _builder_version=&#8221;4.24.0&#8243; _module_preset=&#8221;default&#8221; global_colors_info=&#8221;{}&#8221;][et_pb_gallery gallery_ids=&#8221;1808,1806,1804,1802,1800,1798,1796,1794,1792,1790,1788,1786&#8243; posts_number=&#8221;3&#8243; show_title_and_caption=&#8221;off&#8221; zoom_icon_color=&#8221;#FFFFFF&#8221; hover_overlay_color=&#8221;rgba(0,0,0,0.3)&#8221; hover_icon=&#8221;\uf06e||fa||900&#8243; _builder_version=&#8221;4.24.0&#8243; _module_preset=&#8221;default&#8221; db_images_per_row=&#8221;3&#8243; dbdb_version=&#8221;4.10&#8243; border_width_all_image=&#8221;3px&#8221; border_color_all_image=&#8221;#FFFFFF&#8221; global_colors_info=&#8221;{}&#8221;][\/et_pb_gallery][\/et_pb_column][\/et_pb_row][et_pb_row _builder_version=&#8221;4.24.0&#8243; _module_preset=&#8221;default&#8221; custom_margin=&#8221;2px|auto||auto|false|false&#8221; custom_padding=&#8221;||10px|||&#8221; hover_enabled=&#8221;0&#8243; locked=&#8221;off&#8221; global_colors_info=&#8221;{}&#8221; sticky_enabled=&#8221;0&#8243;][et_pb_column type=&#8221;4_4&#8243; _builder_version=&#8221;4.23.4&#8243; _module_preset=&#8221;default&#8221; global_colors_info=&#8221;{}&#8221;][et_pb_text _builder_version=&#8221;4.24.0&#8243; _module_preset=&#8221;default&#8221; header_2_font=&#8221;|300|||||||&#8221; header_2_text_color=&#8221;#0063BD&#8221; header_2_font_size=&#8221;46px&#8221; header_3_text_color=&#8221;#067ABD&#8221; header_3_font_size=&#8221;30px&#8221; custom_margin=&#8221;||0px||false|false&#8221; custom_padding=&#8221;||0px||false|false&#8221; locked=&#8221;off&#8221; global_colors_info=&#8221;{}&#8221;]<\/p>\n<h3><span style=\"color: #6f8db7;\">Fotografias da ponte romana de P\u00earo Viseu<\/span><\/h3>\n<p>[\/et_pb_text][et_pb_divider divider_weight=&#8221;4px&#8221; _builder_version=&#8221;4.23.1&#8243; _module_preset=&#8221;default&#8221; width=&#8221;30px&#8221; module_alignment=&#8221;left&#8221; custom_margin=&#8221;0px||||false|false&#8221; custom_padding=&#8221;0px||||false|false&#8221; animation_style=&#8221;slide&#8221; animation_direction=&#8221;bottom&#8221; animation_delay=&#8221;2000ms&#8221; animation_intensity_slide=&#8221;100%&#8221; locked=&#8221;off&#8221; global_colors_info=&#8221;{}&#8221;][\/et_pb_divider][\/et_pb_column][\/et_pb_row][et_pb_row _builder_version=&#8221;4.27.4&#8243; _module_preset=&#8221;default&#8221; custom_margin=&#8221;0vh|auto|0vh|auto|true|false&#8221; hover_enabled=&#8221;0&#8243; locked=&#8221;off&#8221; global_colors_info=&#8221;{}&#8221; module_alignment=&#8221;center&#8221; sticky_enabled=&#8221;0&#8243; width_last_edited=&#8221;on|phone&#8221; width_phone=&#8221;90%&#8221; custom_margin_phone=&#8221;|15px||15px|false|true&#8221;][et_pb_column type=&#8221;4_4&#8243; _builder_version=&#8221;4.24.0&#8243; _module_preset=&#8221;default&#8221; global_colors_info=&#8221;{}&#8221;][et_pb_gallery gallery_ids=&#8221;1924,1922,1932,1934,1936,1938,3154,3157,3160,3163,3166,3169,3172&#8243; posts_number=&#8221;3&#8243; show_title_and_caption=&#8221;off&#8221; zoom_icon_color=&#8221;#FFFFFF&#8221; hover_overlay_color=&#8221;rgba(0,0,0,0.3)&#8221; hover_icon=&#8221;\uf06e||fa||900&#8243; _builder_version=&#8221;4.27.0&#8243; _module_preset=&#8221;default&#8221; db_images_per_row=&#8221;3&#8243; dbdb_version=&#8221;4.10&#8243; border_width_all_image=&#8221;3px&#8221; border_color_all_image=&#8221;#FFFFFF&#8221; global_colors_info=&#8221;{}&#8221;][\/et_pb_gallery][\/et_pb_column][\/et_pb_row][\/et_pb_section]<\/p>\n","protected":false},"excerpt":{"rendered":"<p>ImagensMarca Dos GradosDos Grados Fund\u00e3oDos Grados TordesilhasFotografias de Fund\u00e3oFotografias da ponte romana de P\u00earo Viseu<\/p>\n","protected":false},"author":2,"featured_media":0,"parent":0,"menu_order":0,"comment_status":"closed","ping_status":"closed","template":"","meta":{"_et_pb_use_builder":"on","_et_pb_old_content":"","_et_gb_content_width":"","inline_featured_image":false,"footnotes":""},"class_list":["post-2189","page","type-page","status-publish","hentry"],"yoast_head":"<!-- This site is optimized with the Yoast SEO plugin v26.8 - https:\/\/yoast.com\/product\/yoast-seo-wordpress\/ -->\n<title>Imagens - Dos Grados<\/title>\n<meta name=\"robots\" content=\"index, follow, max-snippet:-1, max-image-preview:large, max-video-preview:-1\" \/>\n<link rel=\"canonical\" href=\"https:\/\/dosgradoscapital.com\/pt-pt\/imagens\/\" \/>\n<meta property=\"og:locale\" content=\"pt_PT\" \/>\n<meta property=\"og:type\" content=\"article\" \/>\n<meta property=\"og:title\" content=\"Imagens - Dos Grados\" \/>\n<meta property=\"og:description\" content=\"ImagensMarca Dos GradosDos Grados Fund\u00e3oDos Grados TordesilhasFotografias de Fund\u00e3oFotografias da ponte romana de P\u00earo Viseu\" \/>\n<meta property=\"og:url\" content=\"https:\/\/dosgradoscapital.com\/pt-pt\/imagens\/\" \/>\n<meta property=\"og:site_name\" content=\"Dos Grados\" \/>\n<meta property=\"article:modified_time\" content=\"2025-09-24T15:27:19+00:00\" \/>\n<meta name=\"twitter:card\" content=\"summary_large_image\" \/>\n<meta name=\"twitter:label1\" content=\"Tempo estimado de leitura\" \/>\n\t<meta name=\"twitter:data1\" content=\"7 minutos\" \/>\n<script type=\"application\/ld+json\" class=\"yoast-schema-graph\">{\"@context\":\"https:\/\/schema.org\",\"@graph\":[{\"@type\":\"WebPage\",\"@id\":\"https:\/\/dosgradoscapital.com\/pt-pt\/imagens\/\",\"url\":\"https:\/\/dosgradoscapital.com\/pt-pt\/imagens\/\",\"name\":\"Imagens - Dos Grados\",\"isPartOf\":{\"@id\":\"https:\/\/dosgradoscapital.com\/pt-pt\/#website\"},\"datePublished\":\"2024-02-26T19:09:28+00:00\",\"dateModified\":\"2025-09-24T15:27:19+00:00\",\"breadcrumb\":{\"@id\":\"https:\/\/dosgradoscapital.com\/pt-pt\/imagens\/#breadcrumb\"},\"inLanguage\":\"pt-PT\",\"potentialAction\":[{\"@type\":\"ReadAction\",\"target\":[\"https:\/\/dosgradoscapital.com\/pt-pt\/imagens\/\"]}]},{\"@type\":\"BreadcrumbList\",\"@id\":\"https:\/\/dosgradoscapital.com\/pt-pt\/imagens\/#breadcrumb\",\"itemListElement\":[{\"@type\":\"ListItem\",\"position\":1,\"name\":\"Portada\",\"item\":\"https:\/\/dosgradoscapital.com\/pt-pt\/\"},{\"@type\":\"ListItem\",\"position\":2,\"name\":\"Imagens\"}]},{\"@type\":\"WebSite\",\"@id\":\"https:\/\/dosgradoscapital.com\/pt-pt\/#website\",\"url\":\"https:\/\/dosgradoscapital.com\/pt-pt\/\",\"name\":\"Dos Grados Capital, SA\",\"description\":\"\",\"publisher\":{\"@id\":\"https:\/\/dosgradoscapital.com\/pt-pt\/#organization\"},\"alternateName\":\"Dos Grados Capital, SA\",\"potentialAction\":[{\"@type\":\"SearchAction\",\"target\":{\"@type\":\"EntryPoint\",\"urlTemplate\":\"https:\/\/dosgradoscapital.com\/pt-pt\/?s={search_term_string}\"},\"query-input\":{\"@type\":\"PropertyValueSpecification\",\"valueRequired\":true,\"valueName\":\"search_term_string\"}}],\"inLanguage\":\"pt-PT\"},{\"@type\":\"Organization\",\"@id\":\"https:\/\/dosgradoscapital.com\/pt-pt\/#organization\",\"name\":\"Dos Grados\",\"alternateName\":\"Dos Grados Capital, SA\",\"url\":\"https:\/\/dosgradoscapital.com\/pt-pt\/\",\"logo\":{\"@type\":\"ImageObject\",\"inLanguage\":\"pt-PT\",\"@id\":\"https:\/\/dosgradoscapital.com\/pt-pt\/#\/schema\/logo\/image\/\",\"url\":\"https:\/\/dosgradoscapital.com\/wp-content\/uploads\/2023\/12\/dosgrados_blau.svg\",\"contentUrl\":\"https:\/\/dosgradoscapital.com\/wp-content\/uploads\/2023\/12\/dosgrados_blau.svg\",\"width\":\"1024\",\"height\":\"1024\",\"caption\":\"Dos Grados\"},\"image\":{\"@id\":\"https:\/\/dosgradoscapital.com\/pt-pt\/#\/schema\/logo\/image\/\"},\"sameAs\":[\"https:\/\/www.linkedin.com\/company\/dosgrados\/\"]}]}<\/script>\n<!-- \/ Yoast SEO plugin. -->","yoast_head_json":{"title":"Imagens - Dos Grados","robots":{"index":"index","follow":"follow","max-snippet":"max-snippet:-1","max-image-preview":"max-image-preview:large","max-video-preview":"max-video-preview:-1"},"canonical":"https:\/\/dosgradoscapital.com\/pt-pt\/imagens\/","og_locale":"pt_PT","og_type":"article","og_title":"Imagens - Dos Grados","og_description":"ImagensMarca Dos GradosDos Grados Fund\u00e3oDos Grados TordesilhasFotografias de Fund\u00e3oFotografias da ponte romana de P\u00earo Viseu","og_url":"https:\/\/dosgradoscapital.com\/pt-pt\/imagens\/","og_site_name":"Dos Grados","article_modified_time":"2025-09-24T15:27:19+00:00","twitter_card":"summary_large_image","twitter_misc":{"Tempo estimado de leitura":"7 minutos"},"schema":{"@context":"https:\/\/schema.org","@graph":[{"@type":"WebPage","@id":"https:\/\/dosgradoscapital.com\/pt-pt\/imagens\/","url":"https:\/\/dosgradoscapital.com\/pt-pt\/imagens\/","name":"Imagens - Dos Grados","isPartOf":{"@id":"https:\/\/dosgradoscapital.com\/pt-pt\/#website"},"datePublished":"2024-02-26T19:09:28+00:00","dateModified":"2025-09-24T15:27:19+00:00","breadcrumb":{"@id":"https:\/\/dosgradoscapital.com\/pt-pt\/imagens\/#breadcrumb"},"inLanguage":"pt-PT","potentialAction":[{"@type":"ReadAction","target":["https:\/\/dosgradoscapital.com\/pt-pt\/imagens\/"]}]},{"@type":"BreadcrumbList","@id":"https:\/\/dosgradoscapital.com\/pt-pt\/imagens\/#breadcrumb","itemListElement":[{"@type":"ListItem","position":1,"name":"Portada","item":"https:\/\/dosgradoscapital.com\/pt-pt\/"},{"@type":"ListItem","position":2,"name":"Imagens"}]},{"@type":"WebSite","@id":"https:\/\/dosgradoscapital.com\/pt-pt\/#website","url":"https:\/\/dosgradoscapital.com\/pt-pt\/","name":"Dos Grados Capital, SA","description":"","publisher":{"@id":"https:\/\/dosgradoscapital.com\/pt-pt\/#organization"},"alternateName":"Dos Grados Capital, SA","potentialAction":[{"@type":"SearchAction","target":{"@type":"EntryPoint","urlTemplate":"https:\/\/dosgradoscapital.com\/pt-pt\/?s={search_term_string}"},"query-input":{"@type":"PropertyValueSpecification","valueRequired":true,"valueName":"search_term_string"}}],"inLanguage":"pt-PT"},{"@type":"Organization","@id":"https:\/\/dosgradoscapital.com\/pt-pt\/#organization","name":"Dos Grados","alternateName":"Dos Grados Capital, SA","url":"https:\/\/dosgradoscapital.com\/pt-pt\/","logo":{"@type":"ImageObject","inLanguage":"pt-PT","@id":"https:\/\/dosgradoscapital.com\/pt-pt\/#\/schema\/logo\/image\/","url":"https:\/\/dosgradoscapital.com\/wp-content\/uploads\/2023\/12\/dosgrados_blau.svg","contentUrl":"https:\/\/dosgradoscapital.com\/wp-content\/uploads\/2023\/12\/dosgrados_blau.svg","width":"1024","height":"1024","caption":"Dos Grados"},"image":{"@id":"https:\/\/dosgradoscapital.com\/pt-pt\/#\/schema\/logo\/image\/"},"sameAs":["https:\/\/www.linkedin.com\/company\/dosgrados\/"]}]}},"_links":{"self":[{"href":"https:\/\/dosgradoscapital.com\/pt-pt\/wp-json\/wp\/v2\/pages\/2189","targetHints":{"allow":["GET"]}}],"collection":[{"href":"https:\/\/dosgradoscapital.com\/pt-pt\/wp-json\/wp\/v2\/pages"}],"about":[{"href":"https:\/\/dosgradoscapital.com\/pt-pt\/wp-json\/wp\/v2\/types\/page"}],"author":[{"embeddable":true,"href":"https:\/\/dosgradoscapital.com\/pt-pt\/wp-json\/wp\/v2\/users\/2"}],"replies":[{"embeddable":true,"href":"https:\/\/dosgradoscapital.com\/pt-pt\/wp-json\/wp\/v2\/comments?post=2189"}],"version-history":[{"count":34,"href":"https:\/\/dosgradoscapital.com\/pt-pt\/wp-json\/wp\/v2\/pages\/2189\/revisions"}],"predecessor-version":[{"id":4867,"href":"https:\/\/dosgradoscapital.com\/pt-pt\/wp-json\/wp\/v2\/pages\/2189\/revisions\/4867"}],"wp:attachment":[{"href":"https:\/\/dosgradoscapital.com\/pt-pt\/wp-json\/wp\/v2\/media?parent=2189"}],"curies":[{"name":"wp","href":"https:\/\/api.w.org\/{rel}","templated":true}]}}