{"id":2192,"date":"2024-02-07T11:03:15","date_gmt":"2024-02-07T10:03:15","guid":{"rendered":"https:\/\/dosgradoscapital.com\/contato\/"},"modified":"2025-09-23T20:11:35","modified_gmt":"2025-09-23T18:11:35","slug":"contato","status":"publish","type":"page","link":"https:\/\/dosgradoscapital.com\/pt-pt\/contato\/","title":{"rendered":"Contato"},"content":{"rendered":"<p>[et_pb_section fb_built=&#8221;1&#8243; next_background_color=&#8221;#ffffff&#8221; admin_label=&#8221;Section&#8221; _builder_version=&#8221;4.27.4&#8243; _module_preset=&#8221;default&#8221; background_color=&#8221;RGBA(255,255,255,0)&#8221; background_image=&#8221;https:\/\/dosgradoscapital.com\/wp-content\/uploads\/2024\/02\/contact.webp&#8221; background_position=&#8221;bottom_center&#8221; background_enable_video_mp4=&#8221;off&#8221; height=&#8221;600px&#8221; bottom_divider_style=&#8221;slant&#8221; bottom_divider_height=&#8221;50px&#8221; bottom_divider_flip=&#8221;horizontal&#8221; background_last_edited=&#8221;on|desktop&#8221; background_mask_transform_tablet=&#8221;invert|rotate_90_degree|flip_vertical&#8221; background_mask_blend_mode_tablet=&#8221;normal&#8221; da_disable_devices=&#8221;off|off|off&#8221; locked=&#8221;off&#8221; global_colors_info=&#8221;{}&#8221; da_is_popup=&#8221;off&#8221; da_exit_intent=&#8221;off&#8221; da_has_close=&#8221;on&#8221; da_alt_close=&#8221;off&#8221; da_dark_close=&#8221;off&#8221; da_not_modal=&#8221;on&#8221; da_is_singular=&#8221;off&#8221; da_with_loader=&#8221;off&#8221; da_has_shadow=&#8221;on&#8221;][et_pb_row _builder_version=&#8221;4.24.3&#8243; _module_preset=&#8221;default&#8221; custom_margin=&#8221;10vh||10vh||true|false&#8221; locked=&#8221;off&#8221; global_colors_info=&#8221;{}&#8221;][et_pb_column type=&#8221;4_4&#8243; _builder_version=&#8221;4.23.1&#8243; _module_preset=&#8221;default&#8221; global_colors_info=&#8221;{}&#8221;][et_pb_text _builder_version=&#8221;4.24.0&#8243; _module_preset=&#8221;default&#8221; header_font=&#8221;|100|||||||&#8221; header_text_color=&#8221;#067ABD&#8221; header_2_font=&#8221;Albert Sans|200|||||||&#8221; header_2_text_color=&#8221;#FFFFFF&#8221; header_2_font_size=&#8221;80px&#8221; header_3_text_color=&#8221;#067ABD&#8221; custom_margin_tablet=&#8221;60px||||false|false&#8221; custom_margin_phone=&#8221;60px||||false|false&#8221; custom_margin_last_edited=&#8221;on|tablet&#8221; custom_padding=&#8221;||||false|false&#8221; custom_padding_tablet=&#8221;||||false|false&#8221; custom_padding_phone=&#8221;||||false|false&#8221; custom_padding_last_edited=&#8221;on|tablet&#8221; animation_style=&#8221;slide&#8221; animation_direction=&#8221;left&#8221; animation_intensity_slide=&#8221;100%&#8221; header_2_font_size_tablet=&#8221;40px&#8221; header_2_font_size_phone=&#8221;30px&#8221; header_2_font_size_last_edited=&#8221;on|phone&#8221; header_2_text_shadow_style=&#8221;preset2&#8243; global_colors_info=&#8221;{}&#8221;]<\/p>\n<h2>Contato<\/h2>\n<p>[\/et_pb_text][\/et_pb_column][\/et_pb_row][\/et_pb_section][et_pb_section fb_built=&#8221;1&#8243; _builder_version=&#8221;4.27.4&#8243; _module_preset=&#8221;default&#8221; da_disable_devices=&#8221;off|off|off&#8221; global_colors_info=&#8221;{}&#8221; da_is_popup=&#8221;off&#8221; da_exit_intent=&#8221;off&#8221; da_has_close=&#8221;on&#8221; da_alt_close=&#8221;off&#8221; da_dark_close=&#8221;off&#8221; da_not_modal=&#8221;on&#8221; da_is_singular=&#8221;off&#8221; da_with_loader=&#8221;off&#8221; da_has_shadow=&#8221;on&#8221;][et_pb_row column_structure=&#8221;2_3,1_3&#8243; make_equal=&#8221;on&#8221; _builder_version=&#8221;4.27.4&#8243; _module_preset=&#8221;default&#8221; custom_margin=&#8221;30px||80px||false|false&#8221; global_colors_info=&#8221;{}&#8221;][et_pb_column type=&#8221;2_3&#8243; _builder_version=&#8221;4.27.4&#8243; _module_preset=&#8221;default&#8221; custom_padding=&#8221;|30px|||false|false&#8221; global_colors_info=&#8221;{}&#8221;][et_pb_text _builder_version=&#8221;4.24.0&#8243; _module_preset=&#8221;default&#8221; header_2_font=&#8221;|300|||||||&#8221; header_2_text_color=&#8221;#0063BD&#8221; header_2_font_size=&#8221;46px&#8221; custom_margin=&#8221;||0px||false|false&#8221; custom_padding=&#8221;||0px||false|false&#8221; global_colors_info=&#8221;{}&#8221;]<\/p>\n<h3>Formul\u00e1rio de contato<\/h3>\n<p>[\/et_pb_text][et_pb_divider divider_weight=&#8221;4px&#8221; _builder_version=&#8221;4.23.1&#8243; _module_preset=&#8221;default&#8221; width=&#8221;30px&#8221; module_alignment=&#8221;left&#8221; custom_margin=&#8221;0px||||false|false&#8221; custom_padding=&#8221;0px||||false|false&#8221; animation_style=&#8221;slide&#8221; animation_direction=&#8221;bottom&#8221; animation_delay=&#8221;2000ms&#8221; animation_intensity_slide=&#8221;100%&#8221; locked=&#8221;off&#8221; global_colors_info=&#8221;{}&#8221;][\/et_pb_divider][et_pb_contact_form use_spam_service=&#8221;on&#8221; recaptcha_list=&#8221;Dos Grados|Dos Grados-0&#8243; email=&#8221;info@dosgrados.com&#8221; custom_message=&#8221;Mensaje recibido desde el formulario de la web||et_pb_line_break_holder||||et_pb_line_break_holder||Nombre: %%Name%%||et_pb_line_break_holder||Email: %%Email%%||et_pb_line_break_holder||Tel\u00e9fono: %%Telefono%%||et_pb_line_break_holder||||et_pb_line_break_holder||Mensaje:||et_pb_line_break_holder||%%Message%%||et_pb_line_break_holder||||et_pb_line_break_holder||Privacidad:||et_pb_line_break_holder|| %%Privacidad%% Pol\u00edtica de privacidad&#8221; success_message=&#8221;O formul\u00e1rio foi processado corretamente, obrigado por nos contatar, responderemos o mais breve poss\u00edvel&#8221; _builder_version=&#8221;4.27.4&#8243; _module_preset=&#8221;default&#8221; _unique_id=&#8221;d0bc48c0-d334-4510-970f-90c5ce4b603d&#8221; form_field_background_color=&#8221;#FFFFFF&#8221; form_field_focus_background_color=&#8221;#6F8DB7&#8243; form_field_focus_text_color=&#8221;#6F8DB7&#8243; form_field_font_size=&#8221;16px&#8221; custom_button=&#8221;on&#8221; button_text_color=&#8221;#54565b&#8221; button_use_icon=&#8221;off&#8221; hover_enabled=&#8221;0&#8243; custom_css_free_form=&#8221;selector a {font-weight: 500 !important; text-decoration:none !important; color: #6F8DB7 !important;}||span.et_pb_contact_field_options_title {display:none;}&#8221; border_width_bottom=&#8221;1px&#8221; border_color_bottom=&#8221;#067ABD&#8221; global_colors_info=&#8221;{}&#8221; button_text_color__hover_enabled=&#8221;on|hover&#8221; button_bg_color__hover_enabled=&#8221;on|hover&#8221; button_text_color__hover=&#8221;#6F8DB7&#8243; button_border_color__hover_enabled=&#8221;on|desktop&#8221; button_border_color__hover=&#8221;#6F8DB7&#8243; sticky_enabled=&#8221;0&#8243;][et_pb_contact_field field_id=&#8221;Name&#8221; field_title=&#8221;Nome&#8221; fullwidth_field=&#8221;on&#8221; _builder_version=&#8221;4.24.0&#8243; global_colors_info=&#8221;{}&#8221; button_text_size__hover_enabled=&#8221;off&#8221; button_one_text_size__hover_enabled=&#8221;off&#8221; button_two_text_size__hover_enabled=&#8221;off&#8221; button_text_color__hover_enabled=&#8221;off&#8221; button_one_text_color__hover_enabled=&#8221;off&#8221; button_two_text_color__hover_enabled=&#8221;off&#8221; button_border_width__hover_enabled=&#8221;off&#8221; button_one_border_width__hover_enabled=&#8221;off&#8221; button_two_border_width__hover_enabled=&#8221;off&#8221; button_border_color__hover_enabled=&#8221;off&#8221; button_one_border_color__hover_enabled=&#8221;off&#8221; button_two_border_color__hover_enabled=&#8221;off&#8221; button_border_radius__hover_enabled=&#8221;off&#8221; button_one_border_radius__hover_enabled=&#8221;off&#8221; button_two_border_radius__hover_enabled=&#8221;off&#8221; button_letter_spacing__hover_enabled=&#8221;off&#8221; button_one_letter_spacing__hover_enabled=&#8221;off&#8221; button_two_letter_spacing__hover_enabled=&#8221;off&#8221; button_bg_color__hover_enabled=&#8221;off&#8221; button_one_bg_color__hover_enabled=&#8221;off&#8221; button_two_bg_color__hover_enabled=&#8221;off&#8221;][\/et_pb_contact_field][et_pb_contact_field field_id=&#8221;Email&#8221; field_title=&#8221;Email&#8221; field_type=&#8221;email&#8221; _builder_version=&#8221;4.24.0&#8243; global_colors_info=&#8221;{}&#8221; button_text_size__hover_enabled=&#8221;off&#8221; button_one_text_size__hover_enabled=&#8221;off&#8221; button_two_text_size__hover_enabled=&#8221;off&#8221; button_text_color__hover_enabled=&#8221;off&#8221; button_one_text_color__hover_enabled=&#8221;off&#8221; button_two_text_color__hover_enabled=&#8221;off&#8221; button_border_width__hover_enabled=&#8221;off&#8221; button_one_border_width__hover_enabled=&#8221;off&#8221; button_two_border_width__hover_enabled=&#8221;off&#8221; button_border_color__hover_enabled=&#8221;off&#8221; button_one_border_color__hover_enabled=&#8221;off&#8221; button_two_border_color__hover_enabled=&#8221;off&#8221; button_border_radius__hover_enabled=&#8221;off&#8221; button_one_border_radius__hover_enabled=&#8221;off&#8221; button_two_border_radius__hover_enabled=&#8221;off&#8221; button_letter_spacing__hover_enabled=&#8221;off&#8221; button_one_letter_spacing__hover_enabled=&#8221;off&#8221; button_two_letter_spacing__hover_enabled=&#8221;off&#8221; button_bg_color__hover_enabled=&#8221;off&#8221; button_one_bg_color__hover_enabled=&#8221;off&#8221; button_two_bg_color__hover_enabled=&#8221;off&#8221;][\/et_pb_contact_field][et_pb_contact_field field_id=&#8221;Telefono&#8221; field_title=&#8221;Telefone&#8221; _builder_version=&#8221;4.24.0&#8243; _module_preset=&#8221;default&#8221; global_colors_info=&#8221;{}&#8221;][\/et_pb_contact_field][et_pb_contact_field field_id=&#8221;Message&#8221; field_title=&#8221;Mensagem&#8221; field_type=&#8221;text&#8221; fullwidth_field=&#8221;on&#8221; _builder_version=&#8221;4.16&#8243; global_colors_info=&#8221;{}&#8221; button_text_size__hover_enabled=&#8221;off&#8221; button_one_text_size__hover_enabled=&#8221;off&#8221; button_two_text_size__hover_enabled=&#8221;off&#8221; button_text_color__hover_enabled=&#8221;off&#8221; button_one_text_color__hover_enabled=&#8221;off&#8221; button_two_text_color__hover_enabled=&#8221;off&#8221; button_border_width__hover_enabled=&#8221;off&#8221; button_one_border_width__hover_enabled=&#8221;off&#8221; button_two_border_width__hover_enabled=&#8221;off&#8221; button_border_color__hover_enabled=&#8221;off&#8221; button_one_border_color__hover_enabled=&#8221;off&#8221; button_two_border_color__hover_enabled=&#8221;off&#8221; button_border_radius__hover_enabled=&#8221;off&#8221; button_one_border_radius__hover_enabled=&#8221;off&#8221; button_two_border_radius__hover_enabled=&#8221;off&#8221; button_letter_spacing__hover_enabled=&#8221;off&#8221; button_one_letter_spacing__hover_enabled=&#8221;off&#8221; button_two_letter_spacing__hover_enabled=&#8221;off&#8221; button_bg_color__hover_enabled=&#8221;off&#8221; button_one_bg_color__hover_enabled=&#8221;off&#8221; button_two_bg_color__hover_enabled=&#8221;off&#8221;][\/et_pb_contact_field][et_pb_contact_field field_id=&#8221;disclaimer&#8221; field_type=&#8221;checkbox&#8221; checkbox_options=&#8221;%91{%22value%22:%22Dos Grados tratar\u00e1 os teus dados pessoais com a finalidade de atender e gerir o teu pedido e\/ou comunica\u00e7\u00e3o. Podes exercer os teus direitos de prote\u00e7\u00e3o de dados atrav\u00e9s de <a href=%92%22mailto:info@dosgrados.com%92%22>info@dosgrados.com<\/a> e obter informa\u00e7\u00f5es adicionais no nosso   %22,%22checked%22:0,%22dragID%22:-1,%22link_url%22:%22https:\/\/dosgradoscapital.com\/politica-de-privacidad\/%22,%22link_text%22:%22Pol\u00edtica de Privacidade%22}%93&#8243; required_mark=&#8221;off&#8221; fullwidth_field=&#8221;on&#8221; _builder_version=&#8221;4.27.4&#8243; _module_preset=&#8221;default&#8221; hover_enabled=&#8221;0&#8243; global_colors_info=&#8221;{}&#8221; sticky_enabled=&#8221;0&#8243;][\/et_pb_contact_field][et_pb_contact_field field_id=&#8221;Privacidad&#8221; field_title=&#8221;Privacidade&#8221; field_type=&#8221;checkbox&#8221; checkbox_options=&#8221;%91{%22value%22:%22Eu li e aceito a %22,%22checked%22:0,%22dragID%22:-1,%22link_url%22:%22https:%92\/%92\/dosgradoscapital.com%92\/politica-de-privacidad%92\/%22,%22link_text%22:%22Pol\u00edtica de Privacidade%22}%93&#8243; fullwidth_field=&#8221;on&#8221; _builder_version=&#8221;4.24.0&#8243; _module_preset=&#8221;default&#8221; global_colors_info=&#8221;{}&#8221;][\/et_pb_contact_field][\/et_pb_contact_form][\/et_pb_column][et_pb_column type=&#8221;1_3&#8243; _builder_version=&#8221;4.27.4&#8243; _module_preset=&#8221;default&#8221; custom_padding=&#8221;|||50px|false|false&#8221; custom_padding_tablet=&#8221;|||50px|false|false&#8221; custom_padding_phone=&#8221;|||50px|false|false&#8221; custom_padding_last_edited=&#8221;on|tablet&#8221; border_width_left=&#8221;1px&#8221; border_color_left=&#8221;#6F8DB7&#8243; global_colors_info=&#8221;{}&#8221;][et_pb_image src=&#8221;https:\/\/dosgradoscapital.com\/wp-content\/uploads\/cropped-dosgrados-rgb3.jpg&#8221; alt=&#8221;dos grados&#8221; title_text=&#8221;recortado-dosgrados-rgb3.jpg&#8221; _builder_version=&#8221;4.27.4&#8243; _module_preset=&#8221;default&#8221; width=&#8221;120px&#8221; max_height=&#8221;100px&#8221; global_colors_info=&#8221;{}&#8221;][\/et_pb_image][et_pb_divider divider_weight=&#8221;4px&#8221; _builder_version=&#8221;4.23.1&#8243; _module_preset=&#8221;default&#8221; width=&#8221;30px&#8221; module_alignment=&#8221;left&#8221; custom_margin=&#8221;0px||||false|false&#8221; custom_padding=&#8221;0px||||false|false&#8221; animation_style=&#8221;slide&#8221; animation_direction=&#8221;bottom&#8221; animation_delay=&#8221;2000ms&#8221; animation_intensity_slide=&#8221;100%&#8221; locked=&#8221;off&#8221; global_colors_info=&#8221;{}&#8221;][\/et_pb_divider][et_pb_blurb use_icon=&#8221;on&#8221; font_icon=&#8221;&#xe01d;||divi||400&#8243; icon_color=&#8221;#6F8DB7&#8243; icon_placement=&#8221;left&#8221; image_icon_width=&#8221;24px&#8221; _builder_version=&#8221;4.27.4&#8243; _module_preset=&#8221;default&#8221; body_font_size=&#8221;18px&#8221; body_line_height=&#8221;1.3em&#8221; custom_padding=&#8221;10px||10px||true|false&#8221; locked=&#8221;off&#8221; global_colors_info=&#8221;{}&#8221;]<\/p>\n<p>Paseo de la Castellana, 130<br \/>28046 Madrid<br \/>Espanha<\/p>\n<p>[\/et_pb_blurb][et_pb_blurb use_icon=&#8221;on&#8221; font_icon=&#8221;&#xf2a0;||fa||900&#8243; icon_color=&#8221;#6F8DB7&#8243; icon_placement=&#8221;left&#8221; image_icon_width=&#8221;24px&#8221; _builder_version=&#8221;4.27.4&#8243; _module_preset=&#8221;default&#8221; header_text_color=&#8221;#6F8DB7&#8243; body_font_size=&#8221;18px&#8221; body_line_height=&#8221;1.3em&#8221; body_link_text_color=&#8221;#6F8DB7&#8243; custom_padding=&#8221;10px||10px||true|false&#8221; locked=&#8221;off&#8221; global_colors_info=&#8221;{}&#8221;]<\/p>\n<p><a href=\"tel:34911179938\">+34 91 117 99 38<\/a><\/p>\n<p>[\/et_pb_blurb][et_pb_blurb use_icon=&#8221;on&#8221; font_icon=&#8221;&#xf0e0;||fa||400&#8243; icon_color=&#8221;#6F8DB7&#8243; icon_placement=&#8221;left&#8221; image_icon_width=&#8221;24px&#8221; _builder_version=&#8221;4.27.4&#8243; _module_preset=&#8221;default&#8221; header_text_color=&#8221;#6F8DB7&#8243; body_font_size=&#8221;18px&#8221; body_line_height=&#8221;1.3em&#8221; body_link_text_color=&#8221;#6F8DB7&#8243; custom_padding=&#8221;10px||10px||true|false&#8221; locked=&#8221;off&#8221; global_colors_info=&#8221;{}&#8221;]<\/p>\n<p><a href=\"mailto:info@dosgrados.com\">info@dosgrados.com<\/a><\/p>\n<p>[\/et_pb_blurb][et_pb_divider divider_weight=&#8221;4px&#8221; _builder_version=&#8221;4.27.4&#8243; _module_preset=&#8221;default&#8221; width=&#8221;30px&#8221; module_alignment=&#8221;left&#8221; custom_margin=&#8221;||||false|false&#8221; custom_padding=&#8221;10px||||false|false&#8221; animation_style=&#8221;slide&#8221; animation_direction=&#8221;bottom&#8221; animation_delay=&#8221;2000ms&#8221; animation_intensity_slide=&#8221;100%&#8221; locked=&#8221;off&#8221; global_colors_info=&#8221;{}&#8221;][\/et_pb_divider][\/et_pb_column][\/et_pb_row][\/et_pb_section]<\/p>\n","protected":false},"excerpt":{"rendered":"<p>ContatoFormul\u00e1rio de contatoPaseo de la Castellana, 13028046 MadridEspanha+34 91 117 99 38info@dosgrados.com<\/p>\n","protected":false},"author":2,"featured_media":0,"parent":0,"menu_order":0,"comment_status":"closed","ping_status":"closed","template":"","meta":{"_et_pb_use_builder":"on","_et_pb_old_content":"","_et_gb_content_width":"","inline_featured_image":false,"footnotes":""},"class_list":["post-2192","page","type-page","status-publish","hentry"],"yoast_head":"<!-- This site is optimized with the Yoast SEO plugin v26.8 - https:\/\/yoast.com\/product\/yoast-seo-wordpress\/ -->\n<title>Contato - Dos Grados<\/title>\n<meta name=\"robots\" content=\"index, follow, max-snippet:-1, max-image-preview:large, max-video-preview:-1\" \/>\n<link rel=\"canonical\" href=\"https:\/\/dosgradoscapital.com\/pt-pt\/contato\/\" \/>\n<meta property=\"og:locale\" content=\"pt_PT\" \/>\n<meta property=\"og:type\" content=\"article\" \/>\n<meta property=\"og:title\" content=\"Contato - Dos Grados\" \/>\n<meta property=\"og:description\" content=\"ContatoFormul\u00e1rio de contatoPaseo de la Castellana, 13028046 MadridEspanha+34 91 117 99 38info@dosgrados.com\" \/>\n<meta property=\"og:url\" content=\"https:\/\/dosgradoscapital.com\/pt-pt\/contato\/\" \/>\n<meta property=\"og:site_name\" content=\"Dos Grados\" \/>\n<meta property=\"article:modified_time\" content=\"2025-09-23T18:11:35+00:00\" \/>\n<meta name=\"twitter:card\" content=\"summary_large_image\" \/>\n<script type=\"application\/ld+json\" class=\"yoast-schema-graph\">{\"@context\":\"https:\/\/schema.org\",\"@graph\":[{\"@type\":\"WebPage\",\"@id\":\"https:\/\/dosgradoscapital.com\/pt-pt\/contato\/\",\"url\":\"https:\/\/dosgradoscapital.com\/pt-pt\/contato\/\",\"name\":\"Contato - Dos Grados\",\"isPartOf\":{\"@id\":\"https:\/\/dosgradoscapital.com\/pt-pt\/#website\"},\"datePublished\":\"2024-02-07T10:03:15+00:00\",\"dateModified\":\"2025-09-23T18:11:35+00:00\",\"breadcrumb\":{\"@id\":\"https:\/\/dosgradoscapital.com\/pt-pt\/contato\/#breadcrumb\"},\"inLanguage\":\"pt-PT\",\"potentialAction\":[{\"@type\":\"ReadAction\",\"target\":[\"https:\/\/dosgradoscapital.com\/pt-pt\/contato\/\"]}]},{\"@type\":\"BreadcrumbList\",\"@id\":\"https:\/\/dosgradoscapital.com\/pt-pt\/contato\/#breadcrumb\",\"itemListElement\":[{\"@type\":\"ListItem\",\"position\":1,\"name\":\"Portada\",\"item\":\"https:\/\/dosgradoscapital.com\/pt-pt\/\"},{\"@type\":\"ListItem\",\"position\":2,\"name\":\"Contato\"}]},{\"@type\":\"WebSite\",\"@id\":\"https:\/\/dosgradoscapital.com\/pt-pt\/#website\",\"url\":\"https:\/\/dosgradoscapital.com\/pt-pt\/\",\"name\":\"Dos Grados Capital, SA\",\"description\":\"\",\"publisher\":{\"@id\":\"https:\/\/dosgradoscapital.com\/pt-pt\/#organization\"},\"alternateName\":\"Dos Grados Capital, SA\",\"potentialAction\":[{\"@type\":\"SearchAction\",\"target\":{\"@type\":\"EntryPoint\",\"urlTemplate\":\"https:\/\/dosgradoscapital.com\/pt-pt\/?s={search_term_string}\"},\"query-input\":{\"@type\":\"PropertyValueSpecification\",\"valueRequired\":true,\"valueName\":\"search_term_string\"}}],\"inLanguage\":\"pt-PT\"},{\"@type\":\"Organization\",\"@id\":\"https:\/\/dosgradoscapital.com\/pt-pt\/#organization\",\"name\":\"Dos Grados\",\"alternateName\":\"Dos Grados Capital, SA\",\"url\":\"https:\/\/dosgradoscapital.com\/pt-pt\/\",\"logo\":{\"@type\":\"ImageObject\",\"inLanguage\":\"pt-PT\",\"@id\":\"https:\/\/dosgradoscapital.com\/pt-pt\/#\/schema\/logo\/image\/\",\"url\":\"https:\/\/dosgradoscapital.com\/wp-content\/uploads\/2023\/12\/dosgrados_blau.svg\",\"contentUrl\":\"https:\/\/dosgradoscapital.com\/wp-content\/uploads\/2023\/12\/dosgrados_blau.svg\",\"width\":\"1024\",\"height\":\"1024\",\"caption\":\"Dos Grados\"},\"image\":{\"@id\":\"https:\/\/dosgradoscapital.com\/pt-pt\/#\/schema\/logo\/image\/\"},\"sameAs\":[\"https:\/\/www.linkedin.com\/company\/dosgrados\/\"]}]}<\/script>\n<!-- \/ Yoast SEO plugin. -->","yoast_head_json":{"title":"Contato - Dos Grados","robots":{"index":"index","follow":"follow","max-snippet":"max-snippet:-1","max-image-preview":"max-image-preview:large","max-video-preview":"max-video-preview:-1"},"canonical":"https:\/\/dosgradoscapital.com\/pt-pt\/contato\/","og_locale":"pt_PT","og_type":"article","og_title":"Contato - Dos Grados","og_description":"ContatoFormul\u00e1rio de contatoPaseo de la Castellana, 13028046 MadridEspanha+34 91 117 99 38info@dosgrados.com","og_url":"https:\/\/dosgradoscapital.com\/pt-pt\/contato\/","og_site_name":"Dos Grados","article_modified_time":"2025-09-23T18:11:35+00:00","twitter_card":"summary_large_image","schema":{"@context":"https:\/\/schema.org","@graph":[{"@type":"WebPage","@id":"https:\/\/dosgradoscapital.com\/pt-pt\/contato\/","url":"https:\/\/dosgradoscapital.com\/pt-pt\/contato\/","name":"Contato - Dos Grados","isPartOf":{"@id":"https:\/\/dosgradoscapital.com\/pt-pt\/#website"},"datePublished":"2024-02-07T10:03:15+00:00","dateModified":"2025-09-23T18:11:35+00:00","breadcrumb":{"@id":"https:\/\/dosgradoscapital.com\/pt-pt\/contato\/#breadcrumb"},"inLanguage":"pt-PT","potentialAction":[{"@type":"ReadAction","target":["https:\/\/dosgradoscapital.com\/pt-pt\/contato\/"]}]},{"@type":"BreadcrumbList","@id":"https:\/\/dosgradoscapital.com\/pt-pt\/contato\/#breadcrumb","itemListElement":[{"@type":"ListItem","position":1,"name":"Portada","item":"https:\/\/dosgradoscapital.com\/pt-pt\/"},{"@type":"ListItem","position":2,"name":"Contato"}]},{"@type":"WebSite","@id":"https:\/\/dosgradoscapital.com\/pt-pt\/#website","url":"https:\/\/dosgradoscapital.com\/pt-pt\/","name":"Dos Grados Capital, SA","description":"","publisher":{"@id":"https:\/\/dosgradoscapital.com\/pt-pt\/#organization"},"alternateName":"Dos Grados Capital, SA","potentialAction":[{"@type":"SearchAction","target":{"@type":"EntryPoint","urlTemplate":"https:\/\/dosgradoscapital.com\/pt-pt\/?s={search_term_string}"},"query-input":{"@type":"PropertyValueSpecification","valueRequired":true,"valueName":"search_term_string"}}],"inLanguage":"pt-PT"},{"@type":"Organization","@id":"https:\/\/dosgradoscapital.com\/pt-pt\/#organization","name":"Dos Grados","alternateName":"Dos Grados Capital, SA","url":"https:\/\/dosgradoscapital.com\/pt-pt\/","logo":{"@type":"ImageObject","inLanguage":"pt-PT","@id":"https:\/\/dosgradoscapital.com\/pt-pt\/#\/schema\/logo\/image\/","url":"https:\/\/dosgradoscapital.com\/wp-content\/uploads\/2023\/12\/dosgrados_blau.svg","contentUrl":"https:\/\/dosgradoscapital.com\/wp-content\/uploads\/2023\/12\/dosgrados_blau.svg","width":"1024","height":"1024","caption":"Dos Grados"},"image":{"@id":"https:\/\/dosgradoscapital.com\/pt-pt\/#\/schema\/logo\/image\/"},"sameAs":["https:\/\/www.linkedin.com\/company\/dosgrados\/"]}]}},"_links":{"self":[{"href":"https:\/\/dosgradoscapital.com\/pt-pt\/wp-json\/wp\/v2\/pages\/2192","targetHints":{"allow":["GET"]}}],"collection":[{"href":"https:\/\/dosgradoscapital.com\/pt-pt\/wp-json\/wp\/v2\/pages"}],"about":[{"href":"https:\/\/dosgradoscapital.com\/pt-pt\/wp-json\/wp\/v2\/types\/page"}],"author":[{"embeddable":true,"href":"https:\/\/dosgradoscapital.com\/pt-pt\/wp-json\/wp\/v2\/users\/2"}],"replies":[{"embeddable":true,"href":"https:\/\/dosgradoscapital.com\/pt-pt\/wp-json\/wp\/v2\/comments?post=2192"}],"version-history":[{"count":7,"href":"https:\/\/dosgradoscapital.com\/pt-pt\/wp-json\/wp\/v2\/pages\/2192\/revisions"}],"predecessor-version":[{"id":4569,"href":"https:\/\/dosgradoscapital.com\/pt-pt\/wp-json\/wp\/v2\/pages\/2192\/revisions\/4569"}],"wp:attachment":[{"href":"https:\/\/dosgradoscapital.com\/pt-pt\/wp-json\/wp\/v2\/media?parent=2192"}],"curies":[{"name":"wp","href":"https:\/\/api.w.org\/{rel}","templated":true}]}}